{"id":2086,"date":"2024-06-28T12:05:19","date_gmt":"2024-06-28T12:05:19","guid":{"rendered":"http:\/\/pubweb.carnet.hr\/zupazamet\/?page_id=2086"},"modified":"2024-06-28T12:21:26","modified_gmt":"2024-06-28T12:21:26","slug":"oprosti-za-sebe-i-duse-u-cistilistu","status":"publish","type":"page","link":"https:\/\/zupazamet.hr\/?page_id=2086","title":{"rendered":"OPROSTI"},"content":{"rendered":"<h4><strong>KAKO DOBITI POTPUNI I DJELOMI\u010cNI OPROST ZA SEBE I DU\u0160E U \u010cISTILI\u0160TU<\/strong><\/h4>\n<p>Svaki ljudski grijeh uzrokuje dvije osnovne posljedice: <strong><em>vje\u010dnu kaznu (kaznu pakla)<\/em><\/strong> i <strong><em>vremenitu kaznu (koja se odra\u0111uje pokorom na ovome \u017eivotu ili u \u010distili\u0161tu)<\/em><\/strong><\/p>\n<p>U valjanoj ispovijedi Bog nam daje opro\u0161tenje od <strong><em>vje\u010dne kazne pakla<\/em><\/strong> ali ne uklanja uvijek <strong><em>vremenitu kaznu<\/em><\/strong>.<\/p>\n<p>Stoga Crkva, iz svoje duhovne riznice, stavlja vjernicima na raspolaganje <strong><em>Oproste<\/em><\/strong>, koji se dijele na potpune i djelomi\u010dne.<\/p>\n<p>Tko dobije <strong><em>potpuni oprost <\/em><\/strong>biva oslobo\u0111en od svih kazni, i pakla (nakon valjane ispovijedi) i \u010distili\u0161ta te mo\u017ee odmah u\u0107i u Raj.<\/p>\n<p>Tko dobije <strong><em>djelomi\u010dan oprost,<\/em><\/strong> Gospodin mu djelomi\u010dno opra\u0161ta vremenitu kaznu koju bi morao odraditi u ovome \u017eivotu ili u \u010distili\u0161tu.<\/p>\n<p>Oprosti, dakle, <strong><em>nisu zamjena<\/em><\/strong> za sakrament ispovijedi ve\u0107 slu\u017ee za osloba\u0111anje od vremenite kazne i mogu se namijeniti <strong><em>sebi ili du\u0161ama u \u010distili\u0161tu<\/em><\/strong>.<\/p>\n<p>Potpuni oprost se mo\u017ee primiti <strong><em>samo jednom na dan<\/em><\/strong>.<\/p>\n<p><strong>UVJETI DOBIVANJE ZA POTPUNOG OPROSTA:<\/strong><\/p>\n<ul>\n<li>Ispovijed u roku od 15 dana<\/li>\n<li>Sveta pri\u010dest u roku od osam dana<\/li>\n<li>Izvr\u0161iti propisano djelo, uz koje je vezan potpuni oprost<\/li>\n<li>Izmoliti molitvu na nakanu Sv. Oca, npr. O\u010dena\u0161 i Vjerovanje,<\/li>\n<li>Da nismo duhovo privezani uz nijedan, pa ni laki grijeh.<\/li>\n<\/ul>\n<p><strong>UVJETI ZA DOBIVANJE DJELOMI\u010cNOG OPROSTA:<\/strong><\/p>\n<p>Za djelomi\u010dan oprost ne tra\u017ei se ispovijed ni pri\u010dest, ve\u0107 samo izvr\u0161enje odre\u0111enog propisanog \u010dina i ve\u0107 samo da nismo u\u00a0 stanju te\u0161kog grijeha.<\/p>\n<p><strong>POTPUNI OPROST MO\u017dEMO DOBITI (mo\u017eemo ga namijeniti sebi ili du\u0161ama u \u010distili\u0161tu):<\/strong><\/p>\n<ol>\n<li>Ako se barem pola sata klanjamo Presvetome (izlo\u017eenim ili u tabernakulu).<\/li>\n<li>Ako barem pola sata \u010ditamo Sveto pismo<\/li>\n<li>Ako pobo\u017eno obavimo Kri\u017eni put<\/li>\n<li>Ako izmolimo Gospinu krunicu u crkvi, u obitelji, redovni\u010dkoj ili vjerskoj zajednici<\/li>\n<\/ol>\n<p>&nbsp;<\/p>\n<p><strong>DJELOMI\u010cNI OPROST MO\u017dEMO DOBITI (mo\u017eemo ga namijeniti sebi ili du\u0161ama u \u010distili\u0161tu):<\/strong><\/p>\n<ol>\n<li>Ako izmolimo u \u0161est ujutro, u podne u u \u0161est nave\u010der\u201eAn\u0111eo Gospodnji \u201e ili u uskrsno vrijeme \u201eKraljice neba\u201c<\/li>\n<li>Tko izmoli Gospin \u201eVeli\u010da du\u0161a moja Gospodina\u201c<\/li>\n<li>Za molitve Gospi: npr. \u201ePod obranu se tvoju utje\u010demo\u201c, \u201eSpomeni se\u201c i \u201eZdravo Kraljice\u201c<\/li>\n<li>Tko izmoli mali oficij Majke Bo\u017eje ili Srca Isusova<\/li>\n<li>Ako pobo\u017eno zazivamo sv. Josipa sa nekom odobrenom molitvom (Tebi se o bla\u017eeni Josipe)<\/li>\n<li>Za sve odobre litanije<\/li>\n<li>Za molitvu \u201ePokoj vje\u010dni daruj im, Gospodine\u201c<\/li>\n<li>Ako izmolimo psalam 130. \u201eIz dubine\u201c ili psalam 50. \u201eSmiluj mi se Bo\u017ee\u201c<\/li>\n<li>Ako izmolimo Vjerovanje apostolsko ili misno<\/li>\n<li>Tko zazove svog an\u0111ela \u010duvara sa odobrenom molitvom<\/li>\n<li>Tko izmoli koju odobrenu molitvu za sve\u0107eni\u010dka ili redovni\u010dka zvanja<\/li>\n<li>Tko izmoli \u201eDo\u0111i, Du\u0161e Presveti\u201c<\/li>\n<li>Ako bavimo devetnicu pred Bo\u017ei\u0107, Duhove, Uskrs i blagdan Bezgrje\u0161nog Za\u010de\u0107a,<\/li>\n<li>Ako izmolimo zahvalu nakon pri\u010desti npr.\u201eDu\u0161o Kristova, posveti me\u201c<\/li>\n<li>Ako \u010ditamo Sveto pismo manje od pola sata kao duhovno \u0161tivo<\/li>\n<li>Za svaki pohod Presvetome kra\u0107i od pola sata<\/li>\n<li>Ako u\u010dinimo \u010din kajanja na po\u010detku svete Mise<\/li>\n<li>Ako pobo\u017eno slu\u0161amo propovijed<\/li>\n<li>Ako pou\u010davamo druge u vjeri ili samo slu\u0161amo vjeronauk<\/li>\n<li>Ako se pobo\u017eno prekri\u017eimo<\/li>\n<li>Za svako obnovu krsnog zavjeta<\/li>\n<li>Nakon duhovne pri\u010desti<\/li>\n<li>Tko izmoli Euharistijskom Isusu himan \u201eKlanjam ti se smjerno, tajni Bo\u017ee na\u0161\u201c<\/li>\n<li>Za himan \u201eTebe Boga hvalimo\u201c<\/li>\n<li>Tko pjeva ili moli \u201eDivnoj dakle tajni ovoj\u201c.<\/li>\n<li>Tko izmoli odobrenu molitvu u \u010dast sveca ,koji se taj dan slavi<\/li>\n<li>Tko u duhu vjere u\u010dini \u010din milosr\u0111a ili ne\u0161to od svoga daruje bra\u0107i, koja su u potrebi.<\/li>\n<li>Tko se u duhu pokore dragovoljno odre\u010de dozvoljenih stvari, u\u017eitaka, koje voli.<\/li>\n<li>Tko dobrovoljno dao otvoreno svjedo\u010danstvo vjere pred drugima, u posebnim situacijama svakodnevnog \u017eivota.<\/li>\n<\/ol>\n<p>&nbsp;<\/p>\n<h4><strong>PRIKAZIVANJE POTPUNIH I DJELOMI\u010cNIH OPROSTA ZA DU\u0160E U \u010cISTILI\u0160TU<\/strong><\/h4>\n<p>Crkva poziva vjernike da \u010dine djela duhovnog milosr\u0111a. Jedno od najve\u0107ih djela duhovnog milosr\u0111a je moliti za du\u0161e u \u010distili\u0161tu. Budu\u0107i da se ve\u0107ina potpunih i djelomi\u010dnih oprosta mo\u017ee namijeniti osim sebi, i siroma\u0161nim du\u0161ama u \u010distili\u0161tu (odre\u0111enom pokojniku ili nepoznatoj du\u0161i po Bo\u017ejoj Providnosti), koje trpe i nisu u mogu\u0107nosti moliti za sebe ali mogu moliti za nas, budimo milosrdni kao \u0161to je Otac na\u0161 milosrdan (Lk, 6,36) jer blago milosrdnima, oni \u0107e zadobiti milosr\u0111e (Mt 5,7). Budimo velikodu\u0161ni s oprostima koje nam Crkva daje na raspolaganje po zaslugama na\u0161eg Spasitelja i svetaca. Nemojmo ih sve zadr\u017eavati za sebe. Ako molimo krunicu u obitelji, klanjamo se pred Presvetim, \u010ditamo Sveto Pismo ili izmolimo koju odobrenu molitvu od Crkve prika\u017eimo to kao potpuni ili djelomi\u010dni oprost za du\u0161e u \u010distili\u0161tu i ste\u0107i \u0107emo mnoge vjerne prijatelje i zagovornike na Nebu. Blagoslov Bo\u017eji sigurno ne\u0107e izostati osobi koja moli za pokojne. A mo\u017eda \u0107emo se\u00a0 jednoga dana i sami na\u0107i u \u010distili\u0161tu, i mjerom s kojom smo mjerili, bit \u0107e nam mjereno.<\/p>\n<p>&nbsp;<\/p>\n<h4><strong>POTPUNI OPROSTI VEZANI ZA SVETKOVINE I LITURGIJSKU GODINU <\/strong><strong>(mo\u017eemo ga namijeniti sebi ili du\u0161ama u \u010distili\u0161tu)<\/strong><strong>:<\/strong><\/h4>\n<ol>\n<li>Na Novu godinu ako javno u crkvi izmolimo himan \u201eO do\u0111i Stvor\u010de Du\u0161e Svet\u201c kako bi zamolili pomo\u0107 tijekom cijele godine<\/li>\n<li>U sve petke u korizmi, tko pred raspelom poslije pri\u010desti izmoli molitvu \u201eEvo ja, o dobri i preslatki Isuse\u201c.<\/li>\n<li>Na Veliki \u010detvrtak, tijekom sve\u010dane pohrane presvetoga sakramenta nakon mise Ve\u010dere Gospodnje, pobo\u017eno izmoli kitice Tantum ergo (Divnoj, dakle)<\/li>\n<li>Na Veliki petak: tko tijekom obreda Velikoga petka pobo\u017eno sudjeluje u klanjanju kri\u017eu ili obavi pobo\u017enost kri\u017enoga puta ili se pobo\u017eno pridru\u017ei dok ga moli Sveti Otac, a on ga prati putem televizije ili radija.<\/li>\n<li>Na vigiliju (bdijenju) Velike Subote i na godi\u0161njicu vlastitog kr\u0161tenja tko obnovi po bilo kojoj propisno odobrenoj formuli obnovi svoja krsna obe\u0107anja. Na vigiliju Velike Subote to mora biti kod svetih obreda sve\u010dano s drugim vjernicima.<\/li>\n<li>Na svetkovinu Bo\u017ejeg milosr\u0111a tko posjeti bilo koju crkvu i sudjeluje u pobo\u017enostima u \u010dast Bo\u017ejemu milosr\u0111u ili barem ako pred presvetim sakramentom, javno izlo\u017eenim ili pohranjenim u svetohrani\u0161tu, izmoli O\u010dena\u0161 i Vjerovanje te doda pobo\u017eni zaziv Milosrdnom Isusu (primjerice; \u2018Isuse, uzdam se u tebe\u2019).\u201d<\/li>\n<li>Na Duhove ako javno u crkvi izmolimo ili otpjevamo himan \u201eO do\u0111i Stvor\u010de Du\u0161e Svet\u201c.<\/li>\n<li>Na svetkovinu Tijelova ako pobo\u017eno sudjelujemo u euharistijskoj procesiji (bilo da se odvija unutar ili izvan svetoga zdanja)<\/li>\n<li>Na Blagdan Presvetog Srca Isusova: tko javno izmoli pomirnu molitvu na \u010dast Presvetog Srca Isusova \u201ePremili Isuse\u201c<\/li>\n<li>Na blagdan sveca za\u0161titnika ako posjetimo \u017eupnu crkvu i izmolimo propisane molitve. Npr- na blagdan svetog Ignacija, 31. srpnja tko pohodi koju isusova\u010dku crkvu i izmoli barem O\u010dena\u0161 i Vjerovanje. Isto tako, na blagdan svetog Dominika 7, kolovoza, tko pohodi koju dominikansku crkvu; kao i na blagdan svetog Franje Asi\u0161kog 4. listopada tko pohodi koju franjeva\u010dku crkvu. To vrijedi za blagdane svih utemeljitelja redova kao 15. listopada, Blagdan Terezije Velike uz pohod koje karmeli\u0107anske crkve; 31. sije\u010dnja, Blagdan sv. Ivana Bosca, uz pohod koje salezijanske crkve ili oratorija&#8230;) .<\/li>\n<li>Na blagdan Gospe od An\u0111ela &#8211; 2. kolovoza ako pohodimo bilo koju crkvu i izmolimo Vjerovanje i O\u010dena\u0161<\/li>\n<li>Od 1. do 8. studenoga pobo\u017eno pohodimo groblje te, barem u srcu, molimo za pokojne, mo\u017eemo svaki dan dobiti potpuni oprost, koji se mo\u017ee namijeniti samo za du\u0161e u \u010distili\u0161tu;<\/li>\n<li>Na Svi Svete 1. studenog i Na Du\u0161ni dan &#8211; 2. studenoga ako posjetimo crkvu ili groblje, izmolimo O\u010dena\u0161 i Vjerovanje i molimo za pokojne; potpuni oprost mo\u017ee se namijeniti samo za du\u0161e u \u010distili\u0161tu<\/li>\n<li>Na Blagdan Krista Kralja: ako javno izmolimo Posvetna molitva Presvetom Srcu Isusovu (\u201eO preslatki Isuse, Otkupitelju ljudskog roda\u201d)<\/li>\n<li>Na staru godinu \u2013 Silvestrovo 31.12. , tko javno u crkvi izmoli ili pjeva himan \u201eTebe Boga hvalimo\u201c da zahvali Bogu za dobro\u010dinstva primljena tijekom cijele godine.Mora biti slu\u017ebeni himan a ne pu\u010dka pjesma.<\/li>\n<\/ol>\n","protected":false},"excerpt":{"rendered":"<p>KAKO DOBITI POTPUNI I DJELOMI\u010cNI OPROST ZA SEBE I DU\u0160E U \u010cISTILI\u0160TU Svaki ljudski grijeh uzrokuje dvije osnovne posljedice: vje\u010dnu kaznu (kaznu pakla) i vremenitu kaznu (koja se odra\u0111uje pokorom na ovome \u017eivotu ili u \u010distili\u0161tu) U valjanoj ispovijedi Bog &hellip;<\/p>\n<p class=\"read-more\"> <a class=\"more-link\" href=\"https:\/\/zupazamet.hr\/?page_id=2086\"> <span class=\"screen-reader-text\">OPROSTI<\/span> Read More &raquo;<\/a><\/p>\n","protected":false},"author":181,"featured_media":1965,"parent":0,"menu_order":0,"comment_status":"closed","ping_status":"closed","template":"","meta":{"footnotes":""},"class_list":["post-2086","page","type-page","status-publish","has-post-thumbnail","hentry"],"_links":{"self":[{"href":"https:\/\/zupazamet.hr\/index.php?rest_route=\/wp\/v2\/pages\/2086","targetHints":{"allow":["GET"]}}],"collection":[{"href":"https:\/\/zupazamet.hr\/index.php?rest_route=\/wp\/v2\/pages"}],"about":[{"href":"https:\/\/zupazamet.hr\/index.php?rest_route=\/wp\/v2\/types\/page"}],"author":[{"embeddable":true,"href":"https:\/\/zupazamet.hr\/index.php?rest_route=\/wp\/v2\/users\/181"}],"replies":[{"embeddable":true,"href":"https:\/\/zupazamet.hr\/index.php?rest_route=%2Fwp%2Fv2%2Fcomments&post=2086"}],"version-history":[{"count":3,"href":"https:\/\/zupazamet.hr\/index.php?rest_route=\/wp\/v2\/pages\/2086\/revisions"}],"predecessor-version":[{"id":2094,"href":"https:\/\/zupazamet.hr\/index.php?rest_route=\/wp\/v2\/pages\/2086\/revisions\/2094"}],"wp:featuredmedia":[{"embeddable":true,"href":"https:\/\/zupazamet.hr\/index.php?rest_route=\/wp\/v2\/media\/1965"}],"wp:attachment":[{"href":"https:\/\/zupazamet.hr\/index.php?rest_route=%2Fwp%2Fv2%2Fmedia&parent=2086"}],"curies":[{"name":"wp","href":"https:\/\/api.w.org\/{rel}","templated":true}]}}